{"id":451,"date":"2020-01-25T21:35:03","date_gmt":"2020-01-25T21:35:03","guid":{"rendered":"http:\/\/clubcampestrevalledupar.com.co\/?page_id=451"},"modified":"2020-01-25T23:19:39","modified_gmt":"2020-01-25T23:19:39","slug":"cotizaciones","status":"publish","type":"page","link":"https:\/\/clubcampestrevalledupar.com.co\/?page_id=451","title":{"rendered":"Cotizaciones"},"content":{"rendered":"\t\t<div data-elementor-type=\"wp-page\" data-elementor-id=\"451\" class=\"elementor elementor-451\" data-elementor-settings=\"[]\">\n\t\t\t<div class=\"elementor-inner\">\n\t\t\t\t<div class=\"elementor-section-wrap\">\n\t\t\t\t\t\t\t<section class=\"elementor-element elementor-element-d0b55b1 elementor-section-boxed elementor-section-height-default elementor-section-height-default elementor-section elementor-top-section\" data-id=\"d0b55b1\" data-element_type=\"section\">\n\t\t\t\t\t\t<div class=\"elementor-container elementor-column-gap-default\">\n\t\t\t\t<div class=\"elementor-row\">\n\t\t\t\t<div class=\"elementor-element elementor-element-6276af4 elementor-column elementor-col-100 elementor-top-column\" data-id=\"6276af4\" data-element_type=\"column\">\n\t\t\t<div class=\"elementor-column-wrap\">\n\t\t\t\t\t<div class=\"elementor-widget-wrap\">\n\t\t\t\t\t\t<\/div>\n\t\t\t<\/div>\n\t\t<\/div>\n\t\t\t\t\t\t<\/div>\n\t\t\t<\/div>\n\t\t<\/section>\n\t\t\t\t<section class=\"elementor-element elementor-element-ae3ecd9 elementor-section-boxed elementor-section-height-default elementor-section-height-default elementor-section elementor-top-section\" data-id=\"ae3ecd9\" data-element_type=\"section\">\n\t\t\t\t\t\t<div class=\"elementor-container elementor-column-gap-default\">\n\t\t\t\t<div class=\"elementor-row\">\n\t\t\t\t<div class=\"elementor-element elementor-element-aa04b0c elementor-column elementor-col-100 elementor-top-column\" data-id=\"aa04b0c\" data-element_type=\"column\">\n\t\t\t<div class=\"elementor-column-wrap  elementor-element-populated\">\n\t\t\t\t\t<div class=\"elementor-widget-wrap\">\n\t\t\t\t<div class=\"elementor-element elementor-element-2c951d3 elementor-widget elementor-widget-text-editor\" data-id=\"2c951d3\" data-element_type=\"widget\" data-widget_type=\"text-editor.default\">\n\t\t\t\t<div class=\"elementor-widget-container\">\n\t\t\t\t\t<div class=\"elementor-text-editor elementor-clearfix\"><h6>D\u00e9janos abajo tus datos y las especificaciones de tu evento para devolverte una cotizaci\u00f3n acorde. Gracias por tener en cuenta para tus eventos al Club Campestre de Valledupar.<\/h6><\/div>\n\t\t\t\t<\/div>\n\t\t\t\t<\/div>\n\t\t\t\t<div class=\"elementor-element elementor-element-005c520 elementor-widget elementor-widget-content_form_contact\" data-id=\"005c520\" data-element_type=\"widget\" data-widget_type=\"content_form_contact.default\">\n\t\t\t\t<div class=\"elementor-widget-container\">\n\t\t\t<form action=\"https:\/\/clubcampestrevalledupar.com.co\/wp-admin\/admin-post.php\" method=\"post\" name=\"content-form-005c520\" id=\"content-form-005c520\" class=\"ti-cf-module content-form content-form-contact content_form_contact\"><input type=\"hidden\" id=\"_wpnonce_contact\" name=\"_wpnonce_contact\" value=\"a55cbd3be9\" \/><input type=\"hidden\" name=\"_wp_http_referer\" value=\"\/index.php?rest_route=%2Fwp%2Fv2%2Fpages%2F451\" \/><input type=\"hidden\" name=\"action\" value=\"content_form_submit\" \/><input type=\"hidden\" name=\"form-type\" value=\"contact\" \/><input type=\"hidden\" name=\"form-builder\" value=\"elementor\" \/><input type=\"hidden\" name=\"post-id\" value=\"451\" \/><input type=\"hidden\" name=\"form-id\" value=\"005c520\" \/><fieldset class=\"content-form-field-text elementor-column elementor-col-100\"><label for=\"data[005c520][name]\" >Nombre<span class=\"required-mark\"> *<\/span><\/label><input type=\"text\" name=\"data[005c520][name]\" id=\"data[005c520][name]\" required=\"required\"  placeholder=\"Nombre\"><\/fieldset><fieldset class=\"content-form-field-email elementor-column elementor-col-100\"><label for=\"data[005c520][email]\" >Correo<span class=\"required-mark\"> *<\/span><\/label><input type=\"text\" name=\"data[005c520][email]\" id=\"data[005c520][email]\" required=\"required\"  placeholder=\"Correo\"><\/fieldset><fieldset class=\"content-form-field-number elementor-column elementor-col-100\"><label for=\"data[005c520][phone]\" >Tel\u00e9fono<\/label><input type=\"text\" name=\"data[005c520][phone]\" id=\"data[005c520][phone]\"   placeholder=\"Tel\u00e9fono\"><\/fieldset><fieldset class=\"content-form-field-textarea elementor-column elementor-col-100\"><label for=\"data[005c520][message]\" >Mensaje<span class=\"required-mark\"> *<\/span><\/label><textarea name=\"data[005c520][message]\" id=\"data[005c520][message]\"  required=\"required\" placeholder=\"Mensaje\" cols=\"30\" rows=\"5\"><\/textarea><\/fieldset><fieldset class=\"submit-form contact\"><button type=\"submit\" name=\"submit\"  value=\"submit-contact-005c520\" class=\"\">Enviar<\/button><\/fieldset><\/form>\t\t<\/div>\n\t\t\t\t<\/div>\n\t\t\t\t\t\t<\/div>\n\t\t\t<\/div>\n\t\t<\/div>\n\t\t\t\t\t\t<\/div>\n\t\t\t<\/div>\n\t\t<\/section>\n\t\t\t\t\t\t<\/div>\n\t\t\t<\/div>\n\t\t<\/div>\n\t\t","protected":false},"excerpt":{"rendered":"<p>D\u00e9janos abajo tus datos y las especificaciones de tu evento para devolverte una cotizaci\u00f3n acorde. Gracias por tener en cuenta para tus eventos al Club Campestre de Valledupar. Nombre * Correo * Tel\u00e9fono Mensaje * Enviar<\/p>\n","protected":false},"author":1,"featured_media":0,"parent":0,"menu_order":0,"comment_status":"closed","ping_status":"closed","template":"page-templates\/template-pagebuilder-full-width.php","meta":[],"_links":{"self":[{"href":"https:\/\/clubcampestrevalledupar.com.co\/index.php?rest_route=\/wp\/v2\/pages\/451"}],"collection":[{"href":"https:\/\/clubcampestrevalledupar.com.co\/index.php?rest_route=\/wp\/v2\/pages"}],"about":[{"href":"https:\/\/clubcampestrevalledupar.com.co\/index.php?rest_route=\/wp\/v2\/types\/page"}],"author":[{"embeddable":true,"href":"https:\/\/clubcampestrevalledupar.com.co\/index.php?rest_route=\/wp\/v2\/users\/1"}],"replies":[{"embeddable":true,"href":"https:\/\/clubcampestrevalledupar.com.co\/index.php?rest_route=%2Fwp%2Fv2%2Fcomments&post=451"}],"version-history":[{"count":5,"href":"https:\/\/clubcampestrevalledupar.com.co\/index.php?rest_route=\/wp\/v2\/pages\/451\/revisions"}],"predecessor-version":[{"id":680,"href":"https:\/\/clubcampestrevalledupar.com.co\/index.php?rest_route=\/wp\/v2\/pages\/451\/revisions\/680"}],"wp:attachment":[{"href":"https:\/\/clubcampestrevalledupar.com.co\/index.php?rest_route=%2Fwp%2Fv2%2Fmedia&parent=451"}],"curies":[{"name":"wp","href":"https:\/\/api.w.org\/{rel}","templated":true}]}}