{"id":271,"date":"2020-01-24T21:14:47","date_gmt":"2020-01-24T21:14:47","guid":{"rendered":"http:\/\/clubcampestrevalledupar.com.co\/?page_id=271"},"modified":"2020-01-31T15:36:37","modified_gmt":"2020-01-31T15:36:37","slug":"salon-takaloa","status":"publish","type":"page","link":"https:\/\/clubcampestrevalledupar.com.co\/?page_id=271","title":{"rendered":"Sal\u00f3n Takaloa"},"content":{"rendered":"\t\t<div data-elementor-type=\"wp-page\" data-elementor-id=\"271\" class=\"elementor elementor-271\" data-elementor-settings=\"[]\">\n\t\t\t<div class=\"elementor-inner\">\n\t\t\t\t<div class=\"elementor-section-wrap\">\n\t\t\t\t\t\t\t<section class=\"elementor-element elementor-element-b8a258 elementor-section-boxed elementor-section-height-default elementor-section-height-default elementor-section elementor-top-section\" data-id=\"b8a258\" data-element_type=\"section\" data-settings=\"{&quot;background_background&quot;:&quot;classic&quot;}\">\n\t\t\t\t\t\t\t<div class=\"elementor-background-overlay\"><\/div>\n\t\t\t\t\t\t\t<div class=\"elementor-container elementor-column-gap-default\">\n\t\t\t\t<div class=\"elementor-row\">\n\t\t\t\t<div class=\"elementor-element elementor-element-4e826232 elementor-column elementor-col-50 elementor-top-column\" data-id=\"4e826232\" data-element_type=\"column\">\n\t\t\t<div class=\"elementor-column-wrap  elementor-element-populated\">\n\t\t\t\t\t<div class=\"elementor-widget-wrap\">\n\t\t\t\t<div class=\"elementor-element elementor-element-e7d0cb5 elementor-widget elementor-widget-image\" data-id=\"e7d0cb5\" data-element_type=\"widget\" data-widget_type=\"image.default\">\n\t\t\t\t<div class=\"elementor-widget-container\">\n\t\t\t\t\t<div class=\"elementor-image\">\n\t\t\t\t\t\t\t\t\t\t<img width=\"750\" height=\"577\" src=\"https:\/\/clubcampestrevalledupar.com.co\/wp-content\/uploads\/2020\/01\/6-1-1024x788.jpg\" class=\"attachment-large size-large\" alt=\"\" loading=\"lazy\" srcset=\"https:\/\/clubcampestrevalledupar.com.co\/wp-content\/uploads\/2020\/01\/6-1-1024x788.jpg 1024w, https:\/\/clubcampestrevalledupar.com.co\/wp-content\/uploads\/2020\/01\/6-1-300x231.jpg 300w, https:\/\/clubcampestrevalledupar.com.co\/wp-content\/uploads\/2020\/01\/6-1-768x591.jpg 768w, https:\/\/clubcampestrevalledupar.com.co\/wp-content\/uploads\/2020\/01\/6-1-1536x1182.jpg 1536w, https:\/\/clubcampestrevalledupar.com.co\/wp-content\/uploads\/2020\/01\/6-1.jpg 1920w\" sizes=\"(max-width: 750px) 100vw, 750px\" \/>\t\t\t\t\t\t\t\t\t\t\t<\/div>\n\t\t\t\t<\/div>\n\t\t\t\t<\/div>\n\t\t\t\t\t\t<\/div>\n\t\t\t<\/div>\n\t\t<\/div>\n\t\t\t\t<div class=\"elementor-element elementor-element-63389c37 elementor-column elementor-col-50 elementor-top-column\" data-id=\"63389c37\" data-element_type=\"column\">\n\t\t\t<div class=\"elementor-column-wrap  elementor-element-populated\">\n\t\t\t\t\t<div class=\"elementor-widget-wrap\">\n\t\t\t\t<div class=\"elementor-element elementor-element-16d35da elementor-widget elementor-widget-heading\" data-id=\"16d35da\" data-element_type=\"widget\" data-widget_type=\"heading.default\">\n\t\t\t\t<div class=\"elementor-widget-container\">\n\t\t\t<h2 class=\"elementor-heading-title elementor-size-large\">Sal\u00f3n Takaloa<\/h2>\t\t<\/div>\n\t\t\t\t<\/div>\n\t\t\t\t<div class=\"elementor-element elementor-element-3d164d6a elementor-widget elementor-widget-text-editor\" data-id=\"3d164d6a\" data-element_type=\"widget\" data-widget_type=\"text-editor.default\">\n\t\t\t\t<div class=\"elementor-widget-container\">\n\t\t\t\t\t<div class=\"elementor-text-editor elementor-clearfix\"><p><strong>Tipo de evento:<\/strong><\/p><p><strong>Empresariales<\/strong><\/p><p><strong>Conciertos<\/strong><\/p><p><strong>Conferencias<\/strong><\/p><p><strong>Capacidad:<\/strong><\/p><p><strong>150 m\u00e1ximo de personas<\/strong><\/p><\/div>\n\t\t\t\t<\/div>\n\t\t\t\t<\/div>\n\t\t\t\t<div class=\"elementor-element elementor-element-7e9cbc4 elementor-align-left elementor-widget elementor-widget-button\" data-id=\"7e9cbc4\" data-element_type=\"widget\" data-widget_type=\"button.default\">\n\t\t\t\t<div class=\"elementor-widget-container\">\n\t\t\t\t\t<div class=\"elementor-button-wrapper\">\n\t\t\t<a href=\"http:\/\/clubcampestrevalledupar.com.co\/?page_id=451\" class=\"elementor-button-link elementor-button elementor-size-sm\" role=\"button\">\n\t\t\t\t\t\t<span class=\"elementor-button-content-wrapper\">\n\t\t\t\t\t\t<span class=\"elementor-button-text\">Cotizar<\/span>\n\t\t<\/span>\n\t\t\t\t\t<\/a>\n\t\t<\/div>\n\t\t\t\t<\/div>\n\t\t\t\t<\/div>\n\t\t\t\t\t\t<\/div>\n\t\t\t<\/div>\n\t\t<\/div>\n\t\t\t\t\t\t<\/div>\n\t\t\t<\/div>\n\t\t<\/section>\n\t\t\t\t<section class=\"elementor-element elementor-element-68e55e7 elementor-section-boxed elementor-section-height-default elementor-section-height-default elementor-section elementor-top-section\" data-id=\"68e55e7\" data-element_type=\"section\">\n\t\t\t\t\t\t<div class=\"elementor-container elementor-column-gap-default\">\n\t\t\t\t<div class=\"elementor-row\">\n\t\t\t\t<div class=\"elementor-element elementor-element-4260b15 elementor-column elementor-col-100 elementor-top-column\" data-id=\"4260b15\" data-element_type=\"column\">\n\t\t\t<div class=\"elementor-column-wrap  elementor-element-populated\">\n\t\t\t\t\t<div class=\"elementor-widget-wrap\">\n\t\t\t\t<div class=\"elementor-element elementor-element-44d0d4d elementor-arrows-position-inside elementor-widget elementor-widget-image-carousel\" data-id=\"44d0d4d\" data-element_type=\"widget\" data-settings=\"{&quot;navigation&quot;:&quot;arrows&quot;,&quot;autoplay&quot;:&quot;yes&quot;,&quot;pause_on_hover&quot;:&quot;yes&quot;,&quot;pause_on_interaction&quot;:&quot;yes&quot;,&quot;autoplay_speed&quot;:5000,&quot;infinite&quot;:&quot;yes&quot;,&quot;speed&quot;:500,&quot;direction&quot;:&quot;ltr&quot;}\" data-widget_type=\"image-carousel.default\">\n\t\t\t\t<div class=\"elementor-widget-container\">\n\t\t\t\t\t<div class=\"elementor-image-carousel-wrapper swiper-container\" dir=\"ltr\">\n\t\t\t<div class=\"elementor-image-carousel swiper-wrapper\">\n\t\t\t\t<div class=\"swiper-slide\"><a href=\"https:\/\/clubcampestrevalledupar.com.co\/wp-content\/uploads\/2020\/01\/23-TAKALOA.jpg\" data-elementor-open-lightbox=\"default\" data-elementor-lightbox-slideshow=\"44d0d4d\" data-elementor-lightbox-index=\"0\"><figure class=\"swiper-slide-inner\"><img class=\"swiper-slide-image\" src=\"https:\/\/clubcampestrevalledupar.com.co\/wp-content\/uploads\/2020\/01\/23-TAKALOA-1024x788.jpg\" alt=\"23-TAKALOA\" \/><\/figure><\/a><\/div><div class=\"swiper-slide\"><a href=\"https:\/\/clubcampestrevalledupar.com.co\/wp-content\/uploads\/2020\/01\/22-TAKALOA.jpg\" data-elementor-open-lightbox=\"default\" data-elementor-lightbox-slideshow=\"44d0d4d\" data-elementor-lightbox-index=\"1\"><figure class=\"swiper-slide-inner\"><img class=\"swiper-slide-image\" src=\"https:\/\/clubcampestrevalledupar.com.co\/wp-content\/uploads\/2020\/01\/22-TAKALOA.jpg\" alt=\"22-TAKALOA\" \/><\/figure><\/a><\/div><div class=\"swiper-slide\"><a href=\"https:\/\/clubcampestrevalledupar.com.co\/wp-content\/uploads\/2020\/01\/WhatsApp-Image-2020-01-28-at-11.32.34-AM.jpg\" data-elementor-open-lightbox=\"default\" data-elementor-lightbox-slideshow=\"44d0d4d\" data-elementor-lightbox-index=\"2\"><figure class=\"swiper-slide-inner\"><img class=\"swiper-slide-image\" src=\"https:\/\/clubcampestrevalledupar.com.co\/wp-content\/uploads\/2020\/01\/WhatsApp-Image-2020-01-28-at-11.32.34-AM.jpg\" alt=\"WhatsApp Image 2020-01-28 at 11.32.34 AM\" \/><\/figure><\/a><\/div><div class=\"swiper-slide\"><a href=\"https:\/\/clubcampestrevalledupar.com.co\/wp-content\/uploads\/2020\/01\/WhatsApp-Image-2020-01-28-at-11.32.35-AM.jpg\" data-elementor-open-lightbox=\"default\" data-elementor-lightbox-slideshow=\"44d0d4d\" data-elementor-lightbox-index=\"3\"><figure class=\"swiper-slide-inner\"><img class=\"swiper-slide-image\" src=\"https:\/\/clubcampestrevalledupar.com.co\/wp-content\/uploads\/2020\/01\/WhatsApp-Image-2020-01-28-at-11.32.35-AM.jpg\" alt=\"WhatsApp Image 2020-01-28 at 11.32.35 AM\" \/><\/figure><\/a><\/div><div class=\"swiper-slide\"><a href=\"https:\/\/clubcampestrevalledupar.com.co\/wp-content\/uploads\/2020\/01\/21-TAKALOA.jpg\" data-elementor-open-lightbox=\"default\" data-elementor-lightbox-slideshow=\"44d0d4d\" data-elementor-lightbox-index=\"4\"><figure class=\"swiper-slide-inner\"><img class=\"swiper-slide-image\" src=\"https:\/\/clubcampestrevalledupar.com.co\/wp-content\/uploads\/2020\/01\/21-TAKALOA.jpg\" alt=\"21-TAKALOA\" \/><\/figure><\/a><\/div><div class=\"swiper-slide\"><a href=\"https:\/\/clubcampestrevalledupar.com.co\/wp-content\/uploads\/2020\/01\/20-TAKALOA.jpg\" data-elementor-open-lightbox=\"default\" data-elementor-lightbox-slideshow=\"44d0d4d\" data-elementor-lightbox-index=\"5\"><figure class=\"swiper-slide-inner\"><img class=\"swiper-slide-image\" src=\"https:\/\/clubcampestrevalledupar.com.co\/wp-content\/uploads\/2020\/01\/20-TAKALOA.jpg\" alt=\"20-TAKALOA\" \/><\/figure><\/a><\/div><div class=\"swiper-slide\"><a href=\"https:\/\/clubcampestrevalledupar.com.co\/wp-content\/uploads\/2020\/01\/19-TAKALOA.jpg\" data-elementor-open-lightbox=\"default\" data-elementor-lightbox-slideshow=\"44d0d4d\" data-elementor-lightbox-index=\"6\"><figure class=\"swiper-slide-inner\"><img class=\"swiper-slide-image\" src=\"https:\/\/clubcampestrevalledupar.com.co\/wp-content\/uploads\/2020\/01\/19-TAKALOA.jpg\" alt=\"19-TAKALOA\" \/><\/figure><\/a><\/div><div class=\"swiper-slide\"><a href=\"https:\/\/clubcampestrevalledupar.com.co\/wp-content\/uploads\/2020\/01\/9-1.jpg\" data-elementor-open-lightbox=\"default\" data-elementor-lightbox-slideshow=\"44d0d4d\" data-elementor-lightbox-index=\"7\"><figure class=\"swiper-slide-inner\"><img class=\"swiper-slide-image\" src=\"https:\/\/clubcampestrevalledupar.com.co\/wp-content\/uploads\/2020\/01\/9-1-1024x788.jpg\" alt=\"9\" \/><\/figure><\/a><\/div><div class=\"swiper-slide\"><a href=\"https:\/\/clubcampestrevalledupar.com.co\/wp-content\/uploads\/2020\/01\/8-1.jpg\" data-elementor-open-lightbox=\"default\" data-elementor-lightbox-slideshow=\"44d0d4d\" data-elementor-lightbox-index=\"8\"><figure class=\"swiper-slide-inner\"><img class=\"swiper-slide-image\" src=\"https:\/\/clubcampestrevalledupar.com.co\/wp-content\/uploads\/2020\/01\/8-1-1024x788.jpg\" alt=\"8\" \/><\/figure><\/a><\/div><div class=\"swiper-slide\"><a href=\"https:\/\/clubcampestrevalledupar.com.co\/wp-content\/uploads\/2020\/01\/7-1.jpg\" data-elementor-open-lightbox=\"default\" data-elementor-lightbox-slideshow=\"44d0d4d\" data-elementor-lightbox-index=\"9\"><figure class=\"swiper-slide-inner\"><img class=\"swiper-slide-image\" src=\"https:\/\/clubcampestrevalledupar.com.co\/wp-content\/uploads\/2020\/01\/7-1-1024x788.jpg\" alt=\"7\" \/><\/figure><\/a><\/div><div class=\"swiper-slide\"><a href=\"https:\/\/clubcampestrevalledupar.com.co\/wp-content\/uploads\/2020\/01\/1-1.jpg\" data-elementor-open-lightbox=\"default\" data-elementor-lightbox-slideshow=\"44d0d4d\" data-elementor-lightbox-index=\"10\"><figure class=\"swiper-slide-inner\"><img class=\"swiper-slide-image\" src=\"https:\/\/clubcampestrevalledupar.com.co\/wp-content\/uploads\/2020\/01\/1-1-1024x788.jpg\" alt=\"1\" \/><\/figure><\/a><\/div><div class=\"swiper-slide\"><a href=\"https:\/\/clubcampestrevalledupar.com.co\/wp-content\/uploads\/2020\/01\/6-1.jpg\" data-elementor-open-lightbox=\"default\" data-elementor-lightbox-slideshow=\"44d0d4d\" data-elementor-lightbox-index=\"11\"><figure class=\"swiper-slide-inner\"><img class=\"swiper-slide-image\" src=\"https:\/\/clubcampestrevalledupar.com.co\/wp-content\/uploads\/2020\/01\/6-1-1024x788.jpg\" alt=\"6\" \/><\/figure><\/a><\/div><div class=\"swiper-slide\"><a href=\"https:\/\/clubcampestrevalledupar.com.co\/wp-content\/uploads\/2020\/01\/5-1-scaled.jpg\" data-elementor-open-lightbox=\"default\" data-elementor-lightbox-slideshow=\"44d0d4d\" data-elementor-lightbox-index=\"12\"><figure class=\"swiper-slide-inner\"><img class=\"swiper-slide-image\" src=\"https:\/\/clubcampestrevalledupar.com.co\/wp-content\/uploads\/2020\/01\/5-1-1024x788.jpg\" alt=\"5\" \/><\/figure><\/a><\/div><div class=\"swiper-slide\"><a href=\"https:\/\/clubcampestrevalledupar.com.co\/wp-content\/uploads\/2020\/01\/4-1-scaled.jpg\" data-elementor-open-lightbox=\"default\" data-elementor-lightbox-slideshow=\"44d0d4d\" data-elementor-lightbox-index=\"13\"><figure class=\"swiper-slide-inner\"><img class=\"swiper-slide-image\" src=\"https:\/\/clubcampestrevalledupar.com.co\/wp-content\/uploads\/2020\/01\/4-1-1024x788.jpg\" alt=\"4\" \/><\/figure><\/a><\/div><div class=\"swiper-slide\"><a href=\"https:\/\/clubcampestrevalledupar.com.co\/wp-content\/uploads\/2020\/01\/2-1.jpg\" data-elementor-open-lightbox=\"default\" data-elementor-lightbox-slideshow=\"44d0d4d\" data-elementor-lightbox-index=\"14\"><figure class=\"swiper-slide-inner\"><img class=\"swiper-slide-image\" src=\"https:\/\/clubcampestrevalledupar.com.co\/wp-content\/uploads\/2020\/01\/2-1-1024x788.jpg\" alt=\"2\" \/><\/figure><\/a><\/div><div class=\"swiper-slide\"><a href=\"https:\/\/clubcampestrevalledupar.com.co\/wp-content\/uploads\/2020\/01\/3-1-scaled.jpg\" data-elementor-open-lightbox=\"default\" data-elementor-lightbox-slideshow=\"44d0d4d\" data-elementor-lightbox-index=\"15\"><figure class=\"swiper-slide-inner\"><img class=\"swiper-slide-image\" src=\"https:\/\/clubcampestrevalledupar.com.co\/wp-content\/uploads\/2020\/01\/3-1-1024x788.jpg\" alt=\"3\" \/><\/figure><\/a><\/div><div class=\"swiper-slide\"><a href=\"https:\/\/clubcampestrevalledupar.com.co\/wp-content\/uploads\/2020\/01\/91-1.jpg\" data-elementor-open-lightbox=\"default\" data-elementor-lightbox-slideshow=\"44d0d4d\" data-elementor-lightbox-index=\"16\"><figure class=\"swiper-slide-inner\"><img class=\"swiper-slide-image\" src=\"https:\/\/clubcampestrevalledupar.com.co\/wp-content\/uploads\/2020\/01\/91-1-1024x788.jpg\" alt=\"91\" \/><\/figure><\/a><\/div><div class=\"swiper-slide\"><a href=\"https:\/\/clubcampestrevalledupar.com.co\/wp-content\/uploads\/2020\/01\/3354cfe5-34d9-44a5-afef-47828068a921.jpg\" data-elementor-open-lightbox=\"default\" data-elementor-lightbox-slideshow=\"44d0d4d\" data-elementor-lightbox-index=\"17\"><figure class=\"swiper-slide-inner\"><img class=\"swiper-slide-image\" src=\"https:\/\/clubcampestrevalledupar.com.co\/wp-content\/uploads\/2020\/01\/3354cfe5-34d9-44a5-afef-47828068a921.jpg\" alt=\"3354cfe5-34d9-44a5-afef-47828068a921\" \/><\/figure><\/a><\/div><div class=\"swiper-slide\"><a href=\"https:\/\/clubcampestrevalledupar.com.co\/wp-content\/uploads\/2020\/01\/13a39b07-fd28-4407-bb50-dee2a6dc95bf.jpg\" data-elementor-open-lightbox=\"default\" data-elementor-lightbox-slideshow=\"44d0d4d\" data-elementor-lightbox-index=\"18\"><figure class=\"swiper-slide-inner\"><img class=\"swiper-slide-image\" src=\"https:\/\/clubcampestrevalledupar.com.co\/wp-content\/uploads\/2020\/01\/13a39b07-fd28-4407-bb50-dee2a6dc95bf-1024x788.jpg\" alt=\"13a39b07-fd28-4407-bb50-dee2a6dc95bf\" \/><\/figure><\/a><\/div><div class=\"swiper-slide\"><a href=\"https:\/\/clubcampestrevalledupar.com.co\/wp-content\/uploads\/2020\/01\/8d83fdaa-4e4b-45c2-902c-389e80c471be.jpg\" data-elementor-open-lightbox=\"default\" data-elementor-lightbox-slideshow=\"44d0d4d\" data-elementor-lightbox-index=\"19\"><figure class=\"swiper-slide-inner\"><img class=\"swiper-slide-image\" src=\"https:\/\/clubcampestrevalledupar.com.co\/wp-content\/uploads\/2020\/01\/8d83fdaa-4e4b-45c2-902c-389e80c471be.jpg\" alt=\"8d83fdaa-4e4b-45c2-902c-389e80c471be\" \/><\/figure><\/a><\/div><div class=\"swiper-slide\"><a href=\"https:\/\/clubcampestrevalledupar.com.co\/wp-content\/uploads\/2020\/01\/4d1eef97-2089-4e81-89ee-e3c82445bcda.jpg\" data-elementor-open-lightbox=\"default\" data-elementor-lightbox-slideshow=\"44d0d4d\" data-elementor-lightbox-index=\"20\"><figure class=\"swiper-slide-inner\"><img class=\"swiper-slide-image\" src=\"https:\/\/clubcampestrevalledupar.com.co\/wp-content\/uploads\/2020\/01\/4d1eef97-2089-4e81-89ee-e3c82445bcda.jpg\" alt=\"4d1eef97-2089-4e81-89ee-e3c82445bcda\" \/><\/figure><\/a><\/div><div class=\"swiper-slide\"><a href=\"https:\/\/clubcampestrevalledupar.com.co\/wp-content\/uploads\/2020\/01\/1ec357a1-e0e6-4b24-a761-24ee28817833.jpg\" data-elementor-open-lightbox=\"default\" data-elementor-lightbox-slideshow=\"44d0d4d\" data-elementor-lightbox-index=\"21\"><figure class=\"swiper-slide-inner\"><img class=\"swiper-slide-image\" src=\"https:\/\/clubcampestrevalledupar.com.co\/wp-content\/uploads\/2020\/01\/1ec357a1-e0e6-4b24-a761-24ee28817833.jpg\" alt=\"1ec357a1-e0e6-4b24-a761-24ee28817833\" \/><\/figure><\/a><\/div><div class=\"swiper-slide\"><a href=\"https:\/\/clubcampestrevalledupar.com.co\/wp-content\/uploads\/2020\/01\/1fd81067-1f05-47ad-b909-de56e8f9a32b.jpg\" data-elementor-open-lightbox=\"default\" data-elementor-lightbox-slideshow=\"44d0d4d\" data-elementor-lightbox-index=\"22\"><figure class=\"swiper-slide-inner\"><img class=\"swiper-slide-image\" src=\"https:\/\/clubcampestrevalledupar.com.co\/wp-content\/uploads\/2020\/01\/1fd81067-1f05-47ad-b909-de56e8f9a32b.jpg\" alt=\"1fd81067-1f05-47ad-b909-de56e8f9a32b\" \/><\/figure><\/a><\/div>\t\t\t<\/div>\n\t\t\t\t\t\t\t\t\t\t\t\t\t\t\t\t<div class=\"elementor-swiper-button elementor-swiper-button-prev\">\n\t\t\t\t\t\t<i class=\"eicon-chevron-left\" aria-hidden=\"true\"><\/i>\n\t\t\t\t\t\t<span class=\"elementor-screen-only\">Previous<\/span>\n\t\t\t\t\t<\/div>\n\t\t\t\t\t<div class=\"elementor-swiper-button elementor-swiper-button-next\">\n\t\t\t\t\t\t<i class=\"eicon-chevron-right\" aria-hidden=\"true\"><\/i>\n\t\t\t\t\t\t<span class=\"elementor-screen-only\">Next<\/span>\n\t\t\t\t\t<\/div>\n\t\t\t\t\t\t\t\t\t<\/div>\n\t\t\t\t<\/div>\n\t\t\t\t<\/div>\n\t\t\t\t\t\t<\/div>\n\t\t\t<\/div>\n\t\t<\/div>\n\t\t\t\t\t\t<\/div>\n\t\t\t<\/div>\n\t\t<\/section>\n\t\t\t\t<section class=\"elementor-element elementor-element-47662409 elementor-section-content-middle elementor-section-boxed elementor-section-height-default elementor-section-height-default elementor-section elementor-top-section\" data-id=\"47662409\" data-element_type=\"section\" data-settings=\"{&quot;background_background&quot;:&quot;classic&quot;}\">\n\t\t\t\t\t\t<div class=\"elementor-container elementor-column-gap-no\">\n\t\t\t\t<div class=\"elementor-row\">\n\t\t\t\t<div class=\"elementor-element elementor-element-4b82c597 elementor-column elementor-col-50 elementor-top-column\" data-id=\"4b82c597\" data-element_type=\"column\">\n\t\t\t<div class=\"elementor-column-wrap  elementor-element-populated\">\n\t\t\t\t\t<div class=\"elementor-widget-wrap\">\n\t\t\t\t<div class=\"elementor-element elementor-element-16926d46 elementor-widget elementor-widget-image\" data-id=\"16926d46\" data-element_type=\"widget\" data-widget_type=\"image.default\">\n\t\t\t\t<div class=\"elementor-widget-container\">\n\t\t\t\t\t<div class=\"elementor-image\">\n\t\t\t\t\t\t\t\t\t\t<img width=\"750\" height=\"577\" src=\"https:\/\/clubcampestrevalledupar.com.co\/wp-content\/uploads\/2020\/01\/8d83fdaa-4e4b-45c2-902c-389e80c471be.jpg\" class=\"attachment-large size-large\" alt=\"\" loading=\"lazy\" srcset=\"https:\/\/clubcampestrevalledupar.com.co\/wp-content\/uploads\/2020\/01\/8d83fdaa-4e4b-45c2-902c-389e80c471be.jpg 1006w, https:\/\/clubcampestrevalledupar.com.co\/wp-content\/uploads\/2020\/01\/8d83fdaa-4e4b-45c2-902c-389e80c471be-300x231.jpg 300w, https:\/\/clubcampestrevalledupar.com.co\/wp-content\/uploads\/2020\/01\/8d83fdaa-4e4b-45c2-902c-389e80c471be-768x591.jpg 768w\" sizes=\"(max-width: 750px) 100vw, 750px\" \/>\t\t\t\t\t\t\t\t\t\t\t<\/div>\n\t\t\t\t<\/div>\n\t\t\t\t<\/div>\n\t\t\t\t\t\t<\/div>\n\t\t\t<\/div>\n\t\t<\/div>\n\t\t\t\t<div class=\"elementor-element elementor-element-4946a07c elementor-column elementor-col-50 elementor-top-column\" data-id=\"4946a07c\" data-element_type=\"column\" data-settings=\"{&quot;background_background&quot;:&quot;classic&quot;}\">\n\t\t\t<div class=\"elementor-column-wrap  elementor-element-populated\">\n\t\t\t\t\t<div class=\"elementor-widget-wrap\">\n\t\t\t\t<div class=\"elementor-element elementor-element-2aa90acd elementor-view-default elementor-widget elementor-widget-icon\" data-id=\"2aa90acd\" data-element_type=\"widget\" data-widget_type=\"icon.default\">\n\t\t\t\t<div class=\"elementor-widget-container\">\n\t\t\t\t\t<div class=\"elementor-icon-wrapper\">\n\t\t\t<div class=\"elementor-icon\">\n\t\t\t<i aria-hidden=\"true\" class=\"fas fa-handshake\"><\/i>\t\t\t<\/div>\n\t\t<\/div>\n\t\t\t\t<\/div>\n\t\t\t\t<\/div>\n\t\t\t\t<div class=\"elementor-element elementor-element-68d0440b elementor-widget elementor-widget-heading\" data-id=\"68d0440b\" data-element_type=\"widget\" data-widget_type=\"heading.default\">\n\t\t\t\t<div class=\"elementor-widget-container\">\n\t\t\t<h3 class=\"elementor-heading-title elementor-size-large\">Empresarial<\/h3>\t\t<\/div>\n\t\t\t\t<\/div>\n\t\t\t\t<div class=\"elementor-element elementor-element-641a9e36 elementor-widget elementor-widget-text-editor\" data-id=\"641a9e36\" data-element_type=\"widget\" data-widget_type=\"text-editor.default\">\n\t\t\t\t<div class=\"elementor-widget-container\">\n\t\t\t\t\t<div class=\"elementor-text-editor elementor-clearfix\"><p>El TAKALOA es ideal para tus eventos empresariales, brindando gran comodidad y exclusividad.<\/p><\/div>\n\t\t\t\t<\/div>\n\t\t\t\t<\/div>\n\t\t\t\t\t\t<\/div>\n\t\t\t<\/div>\n\t\t<\/div>\n\t\t\t\t\t\t<\/div>\n\t\t\t<\/div>\n\t\t<\/section>\n\t\t\t\t<section class=\"elementor-element elementor-element-76bd791d elementor-section-content-middle elementor-reverse-mobile elementor-section-boxed elementor-section-height-default elementor-section-height-default elementor-section elementor-top-section\" data-id=\"76bd791d\" data-element_type=\"section\" data-settings=\"{&quot;background_background&quot;:&quot;classic&quot;}\">\n\t\t\t\t\t\t<div class=\"elementor-container elementor-column-gap-no\">\n\t\t\t\t<div class=\"elementor-row\">\n\t\t\t\t<div class=\"elementor-element elementor-element-182ca39b elementor-column elementor-col-50 elementor-top-column\" data-id=\"182ca39b\" data-element_type=\"column\" data-settings=\"{&quot;background_background&quot;:&quot;classic&quot;}\">\n\t\t\t<div class=\"elementor-column-wrap  elementor-element-populated\">\n\t\t\t\t\t<div class=\"elementor-widget-wrap\">\n\t\t\t\t<div class=\"elementor-element elementor-element-46a7e76 elementor-view-default elementor-widget elementor-widget-icon\" data-id=\"46a7e76\" data-element_type=\"widget\" data-widget_type=\"icon.default\">\n\t\t\t\t<div class=\"elementor-widget-container\">\n\t\t\t\t\t<div class=\"elementor-icon-wrapper\">\n\t\t\t<div class=\"elementor-icon\">\n\t\t\t<i aria-hidden=\"true\" class=\"fas fa-award\"><\/i>\t\t\t<\/div>\n\t\t<\/div>\n\t\t\t\t<\/div>\n\t\t\t\t<\/div>\n\t\t\t\t<div class=\"elementor-element elementor-element-50b087e9 elementor-widget elementor-widget-heading\" data-id=\"50b087e9\" data-element_type=\"widget\" data-widget_type=\"heading.default\">\n\t\t\t\t<div class=\"elementor-widget-container\">\n\t\t\t<h3 class=\"elementor-heading-title elementor-size-large\">Conferencias<\/h3>\t\t<\/div>\n\t\t\t\t<\/div>\n\t\t\t\t<div class=\"elementor-element elementor-element-66eaebf4 elementor-widget elementor-widget-text-editor\" data-id=\"66eaebf4\" data-element_type=\"widget\" data-widget_type=\"text-editor.default\">\n\t\t\t\t<div class=\"elementor-widget-container\">\n\t\t\t\t\t<div class=\"elementor-text-editor elementor-clearfix\"><p>Cuenta con tarima y espacio suficiente para m\u00e1s de 100 personas. Adem\u00e1s de todas las comodidades que te brinda el Club Campestre, como cocina en general, parqueaderos, ba\u00f1os, etc.<\/p><\/div>\n\t\t\t\t<\/div>\n\t\t\t\t<\/div>\n\t\t\t\t\t\t<\/div>\n\t\t\t<\/div>\n\t\t<\/div>\n\t\t\t\t<div class=\"elementor-element elementor-element-1503e78b elementor-column elementor-col-50 elementor-top-column\" data-id=\"1503e78b\" data-element_type=\"column\">\n\t\t\t<div class=\"elementor-column-wrap  elementor-element-populated\">\n\t\t\t\t\t<div class=\"elementor-widget-wrap\">\n\t\t\t\t<div class=\"elementor-element elementor-element-3bef357c elementor-widget elementor-widget-image\" data-id=\"3bef357c\" data-element_type=\"widget\" data-widget_type=\"image.default\">\n\t\t\t\t<div class=\"elementor-widget-container\">\n\t\t\t\t\t<div class=\"elementor-image\">\n\t\t\t\t\t\t\t\t\t\t<img width=\"750\" height=\"577\" src=\"https:\/\/clubcampestrevalledupar.com.co\/wp-content\/uploads\/2020\/01\/9-1-1024x788.jpg\" class=\"attachment-large size-large\" alt=\"\" loading=\"lazy\" srcset=\"https:\/\/clubcampestrevalledupar.com.co\/wp-content\/uploads\/2020\/01\/9-1-1024x788.jpg 1024w, https:\/\/clubcampestrevalledupar.com.co\/wp-content\/uploads\/2020\/01\/9-1-300x231.jpg 300w, https:\/\/clubcampestrevalledupar.com.co\/wp-content\/uploads\/2020\/01\/9-1-768x591.jpg 768w, https:\/\/clubcampestrevalledupar.com.co\/wp-content\/uploads\/2020\/01\/9-1-1536x1182.jpg 1536w, https:\/\/clubcampestrevalledupar.com.co\/wp-content\/uploads\/2020\/01\/9-1.jpg 1920w\" sizes=\"(max-width: 750px) 100vw, 750px\" \/>\t\t\t\t\t\t\t\t\t\t\t<\/div>\n\t\t\t\t<\/div>\n\t\t\t\t<\/div>\n\t\t\t\t\t\t<\/div>\n\t\t\t<\/div>\n\t\t<\/div>\n\t\t\t\t\t\t<\/div>\n\t\t\t<\/div>\n\t\t<\/section>\n\t\t\t\t\t\t<\/div>\n\t\t\t<\/div>\n\t\t<\/div>\n\t\t","protected":false},"excerpt":{"rendered":"<p>Sal\u00f3n Takaloa Tipo de evento: Empresariales Conciertos Conferencias Capacidad: 150 m\u00e1ximo de personas Cotizar Previous Next Empresarial El TAKALOA es ideal para tus eventos empresariales, brindando gran comodidad y exclusividad. Conferencias Cuenta con tarima y espacio suficiente para m\u00e1s de 100 personas. Adem\u00e1s de todas las comodidades que te brinda [&hellip;]<\/p>\n","protected":false},"author":1,"featured_media":0,"parent":0,"menu_order":0,"comment_status":"closed","ping_status":"closed","template":"page-templates\/template-pagebuilder-full-width.php","meta":[],"_links":{"self":[{"href":"https:\/\/clubcampestrevalledupar.com.co\/index.php?rest_route=\/wp\/v2\/pages\/271"}],"collection":[{"href":"https:\/\/clubcampestrevalledupar.com.co\/index.php?rest_route=\/wp\/v2\/pages"}],"about":[{"href":"https:\/\/clubcampestrevalledupar.com.co\/index.php?rest_route=\/wp\/v2\/types\/page"}],"author":[{"embeddable":true,"href":"https:\/\/clubcampestrevalledupar.com.co\/index.php?rest_route=\/wp\/v2\/users\/1"}],"replies":[{"embeddable":true,"href":"https:\/\/clubcampestrevalledupar.com.co\/index.php?rest_route=%2Fwp%2Fv2%2Fcomments&post=271"}],"version-history":[{"count":14,"href":"https:\/\/clubcampestrevalledupar.com.co\/index.php?rest_route=\/wp\/v2\/pages\/271\/revisions"}],"predecessor-version":[{"id":742,"href":"https:\/\/clubcampestrevalledupar.com.co\/index.php?rest_route=\/wp\/v2\/pages\/271\/revisions\/742"}],"wp:attachment":[{"href":"https:\/\/clubcampestrevalledupar.com.co\/index.php?rest_route=%2Fwp%2Fv2%2Fmedia&parent=271"}],"curies":[{"name":"wp","href":"https:\/\/api.w.org\/{rel}","templated":true}]}}